{"id":2212,"date":"2025-10-13T02:44:37","date_gmt":"2025-10-13T02:44:37","guid":{"rendered":"https:\/\/lamexicanasupermercado.com\/?post_type=product&#038;p=2212"},"modified":"2026-02-21T20:32:33","modified_gmt":"2026-02-22T02:32:33","slug":"lirio-jabon-en-barra-400g","status":"publish","type":"product","link":"https:\/\/lamexicanasupermercado.com\/en\/product\/lirio-jabon-en-barra-400g\/","title":{"rendered":"Lirio Bar Soap 400g"},"content":{"rendered":"<p>El jab\u00f3n en barra Lirio limpia profundamente la piel y deja una sensaci\u00f3n de frescura duradera. Su f\u00f3rmula cl\u00e1sica cuida y protege, ideal para toda la familia.<\/p>","protected":false},"excerpt":{"rendered":"<p>Lirio Jabon en Barra<\/p>","protected":false},"featured_media":2065,"comment_status":"open","ping_status":"closed","template":"","meta":{"_coblocks_attr":"","_coblocks_dimensions":"","_coblocks_responsive_height":"","_coblocks_accordion_ie_support":""},"product_brand":[688],"product_cat":[675],"product_tag":[676,682],"class_list":{"0":"post-2212","1":"product","2":"type-product","3":"status-publish","4":"has-post-thumbnail","6":"product_brand-lirio","7":"product_cat-hogar","8":"product_tag-jabon","9":"product_tag-ropa","11":"first","12":"instock","13":"taxable","14":"shipping-taxable","15":"purchasable","16":"product-type-simple"},"_links":{"self":[{"href":"https:\/\/lamexicanasupermercado.com\/en\/wp-json\/wp\/v2\/product\/2212","targetHints":{"allow":["GET"]}}],"collection":[{"href":"https:\/\/lamexicanasupermercado.com\/en\/wp-json\/wp\/v2\/product"}],"about":[{"href":"https:\/\/lamexicanasupermercado.com\/en\/wp-json\/wp\/v2\/types\/product"}],"replies":[{"embeddable":true,"href":"https:\/\/lamexicanasupermercado.com\/en\/wp-json\/wp\/v2\/comments?post=2212"}],"wp:featuredmedia":[{"embeddable":true,"href":"https:\/\/lamexicanasupermercado.com\/en\/wp-json\/wp\/v2\/media\/2065"}],"wp:attachment":[{"href":"https:\/\/lamexicanasupermercado.com\/en\/wp-json\/wp\/v2\/media?parent=2212"}],"wp:term":[{"taxonomy":"product_brand","embeddable":true,"href":"https:\/\/lamexicanasupermercado.com\/en\/wp-json\/wp\/v2\/product_brand?post=2212"},{"taxonomy":"product_cat","embeddable":true,"href":"https:\/\/lamexicanasupermercado.com\/en\/wp-json\/wp\/v2\/product_cat?post=2212"},{"taxonomy":"product_tag","embeddable":true,"href":"https:\/\/lamexicanasupermercado.com\/en\/wp-json\/wp\/v2\/product_tag?post=2212"}],"curies":[{"name":"wp","href":"https:\/\/api.w.org\/{rel}","templated":true}]}}