{"id":2193,"date":"2025-10-13T02:44:06","date_gmt":"2025-10-13T02:44:06","guid":{"rendered":"https:\/\/lamexicanasupermercado.com\/?post_type=product&#038;p=2193"},"modified":"2026-02-21T20:32:16","modified_gmt":"2026-02-22T02:32:16","slug":"nescafe-cafe-de-olla-6-7-oz","status":"publish","type":"product","link":"https:\/\/lamexicanasupermercado.com\/en\/product\/nescafe-cafe-de-olla-6-7-oz\/","title":{"rendered":"Coffee Nescaf\u00e9 Caf\u00e9 de Olla 6.7 oz"},"content":{"rendered":"<p>Enjoy the traditional flavor of Caf\u00e9 de Olla by Nescaf\u00e9\u00ae. With hints of cinnamon and brown sugar, this instant mix brings the authentic taste of rural Mexico to your cup in seconds.<\/p>","protected":false},"excerpt":{"rendered":"<p>Nescafe Caf\u00e9 de Olla<\/p>","protected":false},"featured_media":1937,"comment_status":"open","ping_status":"closed","template":"","meta":{"_coblocks_attr":"","_coblocks_dimensions":"","_coblocks_responsive_height":"","_coblocks_accordion_ie_support":""},"product_brand":[34],"product_cat":[666],"product_tag":[366],"class_list":{"0":"post-2193","1":"product","2":"type-product","3":"status-publish","4":"has-post-thumbnail","6":"product_brand-nestle","7":"product_cat-cafe","8":"product_tag-cafe","10":"first","11":"instock","12":"purchasable","13":"product-type-simple"},"_links":{"self":[{"href":"https:\/\/lamexicanasupermercado.com\/en\/wp-json\/wp\/v2\/product\/2193","targetHints":{"allow":["GET"]}}],"collection":[{"href":"https:\/\/lamexicanasupermercado.com\/en\/wp-json\/wp\/v2\/product"}],"about":[{"href":"https:\/\/lamexicanasupermercado.com\/en\/wp-json\/wp\/v2\/types\/product"}],"replies":[{"embeddable":true,"href":"https:\/\/lamexicanasupermercado.com\/en\/wp-json\/wp\/v2\/comments?post=2193"}],"wp:featuredmedia":[{"embeddable":true,"href":"https:\/\/lamexicanasupermercado.com\/en\/wp-json\/wp\/v2\/media\/1937"}],"wp:attachment":[{"href":"https:\/\/lamexicanasupermercado.com\/en\/wp-json\/wp\/v2\/media?parent=2193"}],"wp:term":[{"taxonomy":"product_brand","embeddable":true,"href":"https:\/\/lamexicanasupermercado.com\/en\/wp-json\/wp\/v2\/product_brand?post=2193"},{"taxonomy":"product_cat","embeddable":true,"href":"https:\/\/lamexicanasupermercado.com\/en\/wp-json\/wp\/v2\/product_cat?post=2193"},{"taxonomy":"product_tag","embeddable":true,"href":"https:\/\/lamexicanasupermercado.com\/en\/wp-json\/wp\/v2\/product_tag?post=2193"}],"curies":[{"name":"wp","href":"https:\/\/api.w.org\/{rel}","templated":true}]}}