{"id":3233,"date":"2025-11-18T20:16:41","date_gmt":"2025-11-18T20:16:41","guid":{"rendered":"https:\/\/lamexicanasupermercado.com\/?page_id=3233"},"modified":"2025-11-18T20:16:41","modified_gmt":"2025-11-18T20:16:41","slug":"artesania","status":"publish","type":"page","link":"https:\/\/lamexicanasupermercado.com\/en\/artesania\/","title":{"rendered":"Crafts"},"content":{"rendered":"<p>Discover our collection of authentic handcrafted artisan goods, made by talented artisans from Mexico and Latin America. Here you\u2019ll find unique pieces full of color, creativity, and tradition\u2014from hand-painted ceramics and traditional textiles to decorations, accessories, and objects that represent the rich cultural heritage of our communities.<\/p>\n\n\n\n<p>Each artisan piece is more than a product: it is a story, an identity, and a connection to our roots. Choose your favorites and bring home a piece of Latin culture that will brighten your home and your life.<\/p>\n\n\n<div class=\"woocommerce columns-6\"><ul class=\"products columns-6\" data-products=\"type-2\" data-hover=\"zoom-in\">\n<li class=\"product type-product post-5516 status-publish first instock product_cat-artesania has-post-thumbnail sold-individually taxable shipping-taxable purchasable product-type-simple\">\n\t<a href=\"https:\/\/lamexicanasupermercado.com\/en\/product\/florero-de-barro\/\" class=\"woocommerce-LoopProduct-link woocommerce-loop-product__link\"><img fetchpriority=\"high\" decoding=\"async\" width=\"300\" height=\"300\" src=\"https:\/\/lamexicanasupermercado.com\/wp-content\/uploads\/2025\/12\/DSC02043-300x300.png\" class=\"attachment-woocommerce_thumbnail size-woocommerce_thumbnail\" alt=\"Florero de Barro\" srcset=\"https:\/\/lamexicanasupermercado.com\/wp-content\/uploads\/2025\/12\/DSC02043-300x300.png 300w, https:\/\/lamexicanasupermercado.com\/wp-content\/uploads\/2025\/12\/DSC02043-1024x1024.png 1024w, https:\/\/lamexicanasupermercado.com\/wp-content\/uploads\/2025\/12\/DSC02043-150x150.png 150w, https:\/\/lamexicanasupermercado.com\/wp-content\/uploads\/2025\/12\/DSC02043-768x768.png 768w, https:\/\/lamexicanasupermercado.com\/wp-content\/uploads\/2025\/12\/DSC02043-12x12.png 12w, https:\/\/lamexicanasupermercado.com\/wp-content\/uploads\/2025\/12\/DSC02043-600x600.png 600w, https:\/\/lamexicanasupermercado.com\/wp-content\/uploads\/2025\/12\/DSC02043-100x100.png 100w, https:\/\/lamexicanasupermercado.com\/wp-content\/uploads\/2025\/12\/DSC02043.png 1080w\" sizes=\"(max-width: 300px) 100vw, 300px\" \/><h2 class=\"woocommerce-loop-product__title\">Florero de Barro<\/h2>\n\t<span class=\"price\"><span class=\"woocommerce-Price-amount amount\"><bdi><span class=\"woocommerce-Price-currencySymbol\">&#36;<\/span>15.25<\/bdi><\/span><\/span>\n<\/a><a href=\"\/en\/wp-json\/wp\/v2\/pages\/3233?add-to-cart=5516\" aria-describedby=\"woocommerce_loop_add_to_cart_link_describedby_5516\" data-quantity=\"1\" class=\"button product_type_simple add_to_cart_button ajax_add_to_cart\" data-product_id=\"5516\" data-product_sku=\"5516\" aria-label=\"Add to cart: \u201cFlorero de Barro\u201d\" rel=\"nofollow\" data-success_message=\"\u201cFlorero de Barro\u201d has been added to your cart\" data-product_price=\"15.25\" data-product_name=\"Florero de Barro\" data-google_product_id=\"\" role=\"button\" data-no-translation=\"\" data-trp-gettext=\"\" data-no-translation-aria-label=\"\" data-no-translation-data-success_message=\"\">Add to cart<\/a>\t<span id=\"woocommerce_loop_add_to_cart_link_describedby_5516\" class=\"screen-reader-text\">\n\t\t\t<\/span>\n<\/li>\n<\/ul>\n<\/div>\n\n\n\n<figure class=\"wp-block-gallery has-nested-images columns-default is-cropped wp-block-gallery-1 is-layout-flex wp-block-gallery-is-layout-flex\"><\/figure>","protected":false},"excerpt":{"rendered":"<p>Descubre nuestra colecci\u00f3n de artesan\u00edas aut\u00e9nticas, hechas a mano por talentosos artesanos de M\u00e9xico y Latinoam\u00e9rica. Aqu\u00ed encontrar\u00e1s piezas \u00fanicas llenas de color, creatividad y tradici\u00f3n: desde cer\u00e1mica pintada a mano y textiles tradicionales, hasta decoraciones, accesorios y objetos que representan la riqueza cultural de nuestros pueblos. Cada artesan\u00eda es m\u00e1s que un producto: es [&hellip;]<\/p>\n","protected":false},"author":1,"featured_media":0,"parent":0,"menu_order":0,"comment_status":"closed","ping_status":"closed","template":"","meta":{"_coblocks_attr":"","_coblocks_dimensions":"","_coblocks_responsive_height":"","_coblocks_accordion_ie_support":"","footnotes":""},"class_list":["post-3233","page","type-page","status-publish","hentry"],"blocksy_meta":{"has_hero_section":"enabled","styles_descriptor":{"styles":{"desktop":"[data-prefix=\"single_page\"] .entry-header .page-title {--theme-font-size:30px;} [data-prefix=\"single_page\"] .entry-header .entry-meta {--theme-font-weight:600;--theme-text-transform:uppercase;--theme-font-size:12px;--theme-line-height:1.3;}","tablet":"","mobile":""},"google_fonts":[],"version":6}},"_links":{"self":[{"href":"https:\/\/lamexicanasupermercado.com\/en\/wp-json\/wp\/v2\/pages\/3233","targetHints":{"allow":["GET"]}}],"collection":[{"href":"https:\/\/lamexicanasupermercado.com\/en\/wp-json\/wp\/v2\/pages"}],"about":[{"href":"https:\/\/lamexicanasupermercado.com\/en\/wp-json\/wp\/v2\/types\/page"}],"author":[{"embeddable":true,"href":"https:\/\/lamexicanasupermercado.com\/en\/wp-json\/wp\/v2\/users\/1"}],"replies":[{"embeddable":true,"href":"https:\/\/lamexicanasupermercado.com\/en\/wp-json\/wp\/v2\/comments?post=3233"}],"version-history":[{"count":1,"href":"https:\/\/lamexicanasupermercado.com\/en\/wp-json\/wp\/v2\/pages\/3233\/revisions"}],"predecessor-version":[{"id":3234,"href":"https:\/\/lamexicanasupermercado.com\/en\/wp-json\/wp\/v2\/pages\/3233\/revisions\/3234"}],"wp:attachment":[{"href":"https:\/\/lamexicanasupermercado.com\/en\/wp-json\/wp\/v2\/media?parent=3233"}],"curies":[{"name":"wp","href":"https:\/\/api.w.org\/{rel}","templated":true}]}}