{"id":2865,"date":"2025-11-14T23:49:28","date_gmt":"2025-11-14T23:49:28","guid":{"rendered":"https:\/\/lamexicanasupermercado.com\/?page_id=2865"},"modified":"2025-11-14T23:49:28","modified_gmt":"2025-11-14T23:49:28","slug":"aviso-de-privacidad","status":"publish","type":"page","link":"https:\/\/lamexicanasupermercado.com\/en\/aviso-de-privacidad\/","title":{"rendered":"Privacy Notice"},"content":{"rendered":"<p>AVISO DE PRIVACIDAD<\/p>\n\n\n\n<p>La Guadalupana Inc., comercialmente conocido como La Mexicana , con domicilio en 1522 E Lake St, Minneapolis, MN 55407, Estados Unidos, es el responsable del uso y protecci\u00f3n de sus datos personales.<\/p>\n\n\n\n<p>FINALIDADES PRIMARIAS<br>Los datos personales que recabamos de usted, los utilizaremos para las siguientes finalidades que son necesarias para el servicio que solicita:<\/p>\n\n\n\n<ul class=\"wp-block-list\">\n<li>Respuesta a mensajes del formulario de contacto<\/li>\n\n\n\n<li>Prestaci\u00f3n de cualquier servicio solicitado<\/li>\n\n\n\n<li>Env\u00edo de productos adquiridos en esta tienda en l\u00ednea<\/li>\n<\/ul>\n\n\n\n<p>DATOS PERSONALES RECABADOS<br>Para las finalidades se\u00f1aladas en el presente aviso de privacidad, podemos recabar sus datos de identificaci\u00f3n y contacto.<\/p>\n\n\n\n<p>DERECHOS ARCO<br>Usted tiene derecho a conocer qu\u00e9 datos personales tenemos de usted, para qu\u00e9 los utilizamos y las condiciones del uso que les damos (Acceso). Asimismo, es su derecho solicitar la correcci\u00f3n de su informaci\u00f3n personal en caso de que est\u00e9 desactualizada, sea inexacta o incompleta (Rectificaci\u00f3n); que la eliminemos de nuestros registros o bases de datos cuando considere que la misma no est\u00e1 siendo utilizada adecuadamente (Cancelaci\u00f3n); as\u00ed como oponerse al uso de sus datos personales para fines espec\u00edficos (Oposici\u00f3n). Estos derechos se conocen como derechos ARCO.<\/p>\n\n\n\n<p>DATOS RECABADOS POR EL SITIO WEB<br>Nuestro sitio web recaba autom\u00e1ticamente los siguientes datos:<\/p>\n\n\n\n<ul class=\"wp-block-list\">\n<li>Identificadores, nombre de usuario y contrase\u00f1as de sesi\u00f3n<\/li>\n\n\n\n<li>Idioma preferido por el usuario<\/li>\n\n\n\n<li>Regi\u00f3n en la que se encuentra el usuario<\/li>\n<\/ul>\n\n\n\n<p>CONTACTO<br>Para m\u00e1s informaci\u00f3n sobre este aviso de privacidad, puede contactarnos en:<\/p>\n\n\n\n<p>Correo electr\u00f3nico: lamexicana1522@gmail.com<br>Sitio web: https:\/\/lamexicanasupermercado.com<\/p>\n\n\n\n<p>\u00daltima actualizaci\u00f3n: 14\/11\/2025<\/p>","protected":false},"excerpt":{"rendered":"<p>AVISO DE PRIVACIDAD La Guadalupana Inc., comercialmente conocido como La Mexicana , con domicilio en 1522 E Lake St, Minneapolis, MN 55407, Estados Unidos, es el responsable del uso y protecci\u00f3n de sus datos personales. FINALIDADES PRIMARIASLos datos personales que recabamos de usted, los utilizaremos para las siguientes finalidades que son necesarias para el servicio [&hellip;]<\/p>\n","protected":false},"author":1,"featured_media":0,"parent":0,"menu_order":0,"comment_status":"closed","ping_status":"closed","template":"","meta":{"_coblocks_attr":"","_coblocks_dimensions":"","_coblocks_responsive_height":"","_coblocks_accordion_ie_support":"","footnotes":""},"class_list":["post-2865","page","type-page","status-publish","hentry"],"blocksy_meta":[],"_links":{"self":[{"href":"https:\/\/lamexicanasupermercado.com\/en\/wp-json\/wp\/v2\/pages\/2865","targetHints":{"allow":["GET"]}}],"collection":[{"href":"https:\/\/lamexicanasupermercado.com\/en\/wp-json\/wp\/v2\/pages"}],"about":[{"href":"https:\/\/lamexicanasupermercado.com\/en\/wp-json\/wp\/v2\/types\/page"}],"author":[{"embeddable":true,"href":"https:\/\/lamexicanasupermercado.com\/en\/wp-json\/wp\/v2\/users\/1"}],"replies":[{"embeddable":true,"href":"https:\/\/lamexicanasupermercado.com\/en\/wp-json\/wp\/v2\/comments?post=2865"}],"version-history":[{"count":1,"href":"https:\/\/lamexicanasupermercado.com\/en\/wp-json\/wp\/v2\/pages\/2865\/revisions"}],"predecessor-version":[{"id":2866,"href":"https:\/\/lamexicanasupermercado.com\/en\/wp-json\/wp\/v2\/pages\/2865\/revisions\/2866"}],"wp:attachment":[{"href":"https:\/\/lamexicanasupermercado.com\/en\/wp-json\/wp\/v2\/media?parent=2865"}],"curies":[{"name":"wp","href":"https:\/\/api.w.org\/{rel}","templated":true}]}}