{"id":2860,"date":"2025-11-14T23:11:34","date_gmt":"2025-11-14T23:11:34","guid":{"rendered":"https:\/\/lamexicanasupermercado.com\/?page_id=2860"},"modified":"2025-11-20T20:32:16","modified_gmt":"2025-11-20T20:32:16","slug":"programa-de-lealtad","status":"publish","type":"page","link":"https:\/\/lamexicanasupermercado.com\/en\/programa-de-lealtad\/","title":{"rendered":"Loyalty Program"},"content":{"rendered":"<p>To show our gratitude for your loyalty, we present our&nbsp;<strong>Loyalty Program<\/strong>, designed to reward you every time you make an online purchase.<\/p>\n\n\n\n<p>For&nbsp;<strong>every dollar (USD) you spend<\/strong>you\u2019ll earn&nbsp;<strong>puntos canjeables<\/strong>&nbsp;redeemable points that you can use on future purchases, exclusive discounts, and special benefits.<\/p>\n\n\n\n<p><strong>How it works?<\/strong><\/p>\n\n\n\n<ul class=\"wp-block-list\">\n<li>Shop online as usual.<\/li>\n\n\n\n<li>For every&nbsp;<strong>1 USD spent<\/strong>you earn&nbsp;<strong>1 point<\/strong>.<\/li>\n\n\n\n<li>Once you accumulate enough points, you can redeem them directly in our store.<\/li>\n\n\n\n<li>The more you shop, the more benefits and rewards you unlock.<\/li>\n<\/ul>\n\n\n\n<p><strong>Program advantages:<\/strong><\/p>\n\n\n\n<ul class=\"wp-block-list\">\n<li>Points never expire as long as your account remains active.<\/li>\n\n\n\n<li>Access to exclusive promotions and discounts for members.<\/li>\n\n\n\n<li>Special benefits on featured dates and store events.<\/li>\n<\/ul>\n\n\n\n<p>Join today\u2014create your account at La Mexicana and enjoy a program designed to reward your loyalty.<br><strong>Shopping, earning, and saving has never been easier.<\/strong><\/p>\n\n\n<div class=\"woocommerce ct-woo-unauthorized\"><\/div>","protected":false},"excerpt":{"rendered":"<p>En agradecimiento a tu preferencia, presentamos nuestro&nbsp;Programa de Lealtad, dise\u00f1ado para recompensarte cada vez que realizas una compra en l\u00ednea. Por&nbsp;cada d\u00f3lar (USD) que gastes, acumular\u00e1s&nbsp;puntos canjeables&nbsp;que podr\u00e1s utilizar en futuras compras, obtenci\u00f3n de descuentos exclusivos y beneficios especiales. \u00bfC\u00f3mo funciona? Ventajas del programa: \u00danete hoy, crea tu cuenta en La Mexicana y disfruta de [&hellip;]<\/p>\n","protected":false},"author":1,"featured_media":0,"parent":0,"menu_order":0,"comment_status":"closed","ping_status":"closed","template":"","meta":{"_coblocks_attr":"","_coblocks_dimensions":"","_coblocks_responsive_height":"","_coblocks_accordion_ie_support":"","footnotes":""},"class_list":["post-2860","page","type-page","status-publish","hentry"],"blocksy_meta":[],"_links":{"self":[{"href":"https:\/\/lamexicanasupermercado.com\/en\/wp-json\/wp\/v2\/pages\/2860","targetHints":{"allow":["GET"]}}],"collection":[{"href":"https:\/\/lamexicanasupermercado.com\/en\/wp-json\/wp\/v2\/pages"}],"about":[{"href":"https:\/\/lamexicanasupermercado.com\/en\/wp-json\/wp\/v2\/types\/page"}],"author":[{"embeddable":true,"href":"https:\/\/lamexicanasupermercado.com\/en\/wp-json\/wp\/v2\/users\/1"}],"replies":[{"embeddable":true,"href":"https:\/\/lamexicanasupermercado.com\/en\/wp-json\/wp\/v2\/comments?post=2860"}],"version-history":[{"count":2,"href":"https:\/\/lamexicanasupermercado.com\/en\/wp-json\/wp\/v2\/pages\/2860\/revisions"}],"predecessor-version":[{"id":3490,"href":"https:\/\/lamexicanasupermercado.com\/en\/wp-json\/wp\/v2\/pages\/2860\/revisions\/3490"}],"wp:attachment":[{"href":"https:\/\/lamexicanasupermercado.com\/en\/wp-json\/wp\/v2\/media?parent=2860"}],"curies":[{"name":"wp","href":"https:\/\/api.w.org\/{rel}","templated":true}]}}