{"id":2855,"date":"2025-11-14T22:50:23","date_gmt":"2025-11-14T22:50:23","guid":{"rendered":"https:\/\/lamexicanasupermercado.com\/?page_id=2855"},"modified":"2025-11-20T20:04:36","modified_gmt":"2025-11-20T20:04:36","slug":"acerca-de-la-mexicana","status":"publish","type":"page","link":"https:\/\/lamexicanasupermercado.com\/en\/acerca-de-la-mexicana\/","title":{"rendered":"About us"},"content":{"rendered":"<blockquote class=\"wp-block-quote is-layout-flow wp-block-quote-is-layout-flow\">\n<p>With more than&nbsp;<strong>20 years serving our community<\/strong>, in&nbsp;<em>La Mexicana Supermercado<\/em>&nbsp;we are proud to always offer the best products and the fairest prices for all the families who visit us.<\/p>\n<\/blockquote>\n\n\n\n<p>In our market, deli, and bakery, you will find a wide variety of&nbsp;<strong>Mexican, Honduran, and Salvadoran specialties<\/strong>, along with a carefully curated selection of South American products. Every day, we work with dedication to provide the best experience, honoring our roots and celebrating the rich culinary traditions of Latin America.<\/p>\n\n\n\n<h2 class=\"wp-block-heading\">Visit Us!<\/h2>\n\n\n\n<div class=\"wp-block-columns is-layout-flex wp-container-core-columns-is-layout-28f84493 wp-block-columns-is-layout-flex\">\n<div class=\"wp-block-column is-layout-flow wp-block-column-is-layout-flow\">\n<div class=\"wp-block-stackable-icon stk-block-icon has-text-align-center stk-block stk-ec27928\" data-block-id=\"ec27928\"><span class=\"stk--svg-wrapper\"><div class=\"stk--inner-svg\"><svg style=\"height:0;width:0\"><defs><lineargradient id=\"linear-gradient-ec27928\" x1=\"0\" x2=\"100%\" y1=\"0\" y2=\"0\"><stop offset=\"0%\" style=\"stop-opacity:1;stop-color:var(--linear-gradient-ec-27928-color-1)\"><\/stop><stop offset=\"100%\" style=\"stop-opacity:1;stop-color:var(--linear-gradient-ec-27928-color-2)\"><\/stop><\/lineargradient><\/defs><\/svg><svg xmlns=\"http:\/\/www.w3.org\/2000\/svg\" viewbox=\"0 0 576 512\" aria-hidden=\"true\" width=\"32\" height=\"32\"><path d=\"M302.8 312C334.9 271.9 408 174.6 408 120C408 53.7 354.3 0 288 0S168 53.7 168 120c0 54.6 73.1 151.9 105.2 192c7.7 9.6 22 9.6 29.6 0zM416 503l144.9-58c9.1-3.6 15.1-12.5 15.1-22.3V152c0-17-17.1-28.6-32.9-22.3l-116 46.4c-.5 1.2-1 2.5-1.5 3.7c-2.9 6.8-6.1 13.7-9.6 20.6V503zM15.1 187.3C6 191 0 199.8 0 209.6V480.4c0 17 17.1 28.6 32.9 22.3L160 451.8V200.4c-3.5-6.9-6.7-13.8-9.6-20.6c-5.6-13.2-10.4-27.4-12.8-41.5l-122.6 49zM384 255c-20.5 31.3-42.3 59.6-56.2 77c-20.5 25.6-59.1 25.6-79.6 0c-13.9-17.4-35.7-45.7-56.2-77V449.4l192 54.9V255z\"><\/path><\/svg><\/div><\/span><\/div>\n\n\n\n<p class=\"has-text-align-center\">1522 E Lake St, Minneapolis, MN 55407, Estados Unidos<\/p>\n<\/div>\n\n\n\n<div class=\"wp-block-column is-layout-flow wp-block-column-is-layout-flow\">\n<div class=\"wp-block-stackable-icon stk-block-icon has-text-align-center stk-block stk-3c20b71\" data-block-id=\"3c20b71\"><span class=\"stk--svg-wrapper\"><div class=\"stk--inner-svg\"><svg style=\"height:0;width:0\"><defs><lineargradient id=\"linear-gradient-3c20b71\" x1=\"0\" x2=\"100%\" y1=\"0\" y2=\"0\"><stop offset=\"0%\" style=\"stop-opacity:1;stop-color:var(--linear-gradient-3-c-20-b-71-color-1)\"><\/stop><stop offset=\"100%\" style=\"stop-opacity:1;stop-color:var(--linear-gradient-3-c-20-b-71-color-2)\"><\/stop><\/lineargradient><\/defs><\/svg><svg xmlns=\"http:\/\/www.w3.org\/2000\/svg\" viewbox=\"0 0 512 512\" aria-hidden=\"true\" width=\"32\" height=\"32\"><path d=\"M280 0C408.1 0 512 103.9 512 232c0 13.3-10.7 24-24 24s-24-10.7-24-24c0-101.6-82.4-184-184-184c-13.3 0-24-10.7-24-24s10.7-24 24-24zm8 192a32 32 0 1 1 0 64 32 32 0 1 1 0-64zm-32-72c0-13.3 10.7-24 24-24c75.1 0 136 60.9 136 136c0 13.3-10.7 24-24 24s-24-10.7-24-24c0-48.6-39.4-88-88-88c-13.3 0-24-10.7-24-24zM117.5 1.4c19.4-5.3 39.7 4.6 47.4 23.2l40 96c6.8 16.3 2.1 35.2-11.6 46.3L144 207.3c33.3 70.4 90.3 127.4 160.7 160.7L345 318.7c11.2-13.7 30-18.4 46.3-11.6l96 40c18.6 7.7 28.5 28 23.2 47.4l-24 88C481.8 499.9 466 512 448 512C200.6 512 0 311.4 0 64C0 46 12.1 30.2 29.5 25.4l88-24z\"><\/path><\/svg><\/div><\/span><\/div>\n\n\n\n<p class=\"has-text-align-center\"><a href=\"http:\/\/+1 612-724-5419\">+1 612-724-5419<\/a><\/p>\n<\/div>\n\n\n\n<div class=\"wp-block-column is-layout-flow wp-block-column-is-layout-flow\">\n<div class=\"wp-block-stackable-icon stk-block-icon has-text-align-center stk-block stk-5dd6460\" data-block-id=\"5dd6460\"><span class=\"stk--svg-wrapper\"><div class=\"stk--inner-svg\"><svg style=\"height:0;width:0\"><defs><lineargradient id=\"linear-gradient-5dd6460\" x1=\"0\" x2=\"100%\" y1=\"0\" y2=\"0\"><stop offset=\"0%\" style=\"stop-opacity:1;stop-color:var(--linear-gradient-5-dd-6460-color-1)\"><\/stop><stop offset=\"100%\" style=\"stop-opacity:1;stop-color:var(--linear-gradient-5-dd-6460-color-2)\"><\/stop><\/lineargradient><\/defs><\/svg><svg xmlns=\"http:\/\/www.w3.org\/2000\/svg\" viewbox=\"0 0 512 512\" aria-hidden=\"true\" width=\"32\" height=\"32\"><path d=\"M64 208.1L256 65.9 448 208.1v47.4L289.5 373c-9.7 7.2-21.4 11-33.5 11s-23.8-3.9-33.5-11L64 255.5V208.1zM256 0c-12.1 0-23.8 3.9-33.5 11L25.9 156.7C9.6 168.8 0 187.8 0 208.1V448c0 35.3 28.7 64 64 64H448c35.3 0 64-28.7 64-64V208.1c0-20.3-9.6-39.4-25.9-51.4L289.5 11C279.8 3.9 268.1 0 256 0z\"><\/path><\/svg><\/div><\/span><\/div>\n\n\n\n<p class=\"has-text-align-center\">lamexicana1522@gmail.com<\/p>\n<\/div>\n<\/div>\n\n\n\n<div style=\"min-height:400px\" data-map-attr=\"\/qaddress\/q:\/q1522 E Lake St, Minneapolis, MN 55407, Estados Unidos\/q||\/qlat\/q:\/qundefined\/q||\/qlng\/q:\/qundefined\/q||\/qskin\/q:\/qstandard\/q||\/qzoom\/q:\/q12\/q||\/qiconSize\/q:\/q36\/q||\/qmapTypeControl\/q:\/qtrue\/q||\/qzoomControl\/q:\/qtrue\/q||\/qstreetViewControl\/q:\/qtrue\/q||\/qfullscreenControl\/q:\/qtrue\/q\" class=\"wp-block-coblocks-map\"><iframe title=\"Google Map\" frameborder=\"0\" style=\"width:100%;min-height:400px\" src=\"https:\/\/www.google.com\/maps?q=1522%20E%20Lake%20St%2C%20Minneapolis%2C%20MN%2055407%2C%20Estados%20Unidos&amp;output=embed&amp;hl=es-ES&amp;z=12\"><\/iframe><\/div>","protected":false},"excerpt":{"rendered":"<p>Con m\u00e1s de&nbsp;20 a\u00f1os acompa\u00f1ando a nuestra comunidad, en&nbsp;La Mexicana Supermercado&nbsp;nos enorgullece ofrecer siempre los mejores productos y los precios m\u00e1s justos para todas las familias que nos visitan. En nuestro mercado, charcuter\u00eda y panader\u00eda encontrar\u00e1 una amplia variedad de especialidades&nbsp;mexicanas, hondure\u00f1as y salvadore\u00f1as, adem\u00e1s de una cuidada selecci\u00f3n de productos sudamericanos. Cada d\u00eda trabajamos [&hellip;]<\/p>\n","protected":false},"author":1,"featured_media":0,"parent":0,"menu_order":0,"comment_status":"closed","ping_status":"closed","template":"","meta":{"_coblocks_attr":"","_coblocks_dimensions":"","_coblocks_responsive_height":"","_coblocks_accordion_ie_support":"","footnotes":""},"class_list":["post-2855","page","type-page","status-publish","hentry"],"blocksy_meta":{"page_structure_type":"default","styles_descriptor":{"styles":{"desktop":"[data-prefix=\"single_page\"] .entry-header .page-title {--theme-font-size:30px;} [data-prefix=\"single_page\"] .entry-header .entry-meta {--theme-font-weight:600;--theme-text-transform:uppercase;--theme-font-size:12px;--theme-line-height:1.3;}","tablet":"","mobile":""},"google_fonts":[],"version":6},"has_hero_section":"enabled","hero_elements":[{"id":"custom_title","enabled":true,"heading_tag":"h1","title":"Home","__id":"cSqsiw8aPXiby3Ty_Iq4t"},{"id":"custom_description","enabled":false,"description_visibility":{"desktop":true,"tablet":true,"mobile":false},"__id":"MZIoIUC0FK9vE_JUmyO_4"},{"id":"custom_meta","enabled":false,"meta_elements":[{"id":"author","enabled":true,"label":"By","has_author_avatar":"yes","avatar_size":25},{"id":"post_date","enabled":true,"label":"On","date_format_source":"default","date_format":"M j, Y"},{"id":"updated_date","enabled":false,"label":"On","date_format_source":"default","date_format":"M j, Y"},{"id":"categories","enabled":false,"label":"In","style":"simple"},{"id":"comments","enabled":true}],"page_meta_elements":{"joined":true,"articles_count":true,"comments":true},"__id":"7QC_eCI1V2bIODGxSB-cV"},{"id":"breadcrumbs","enabled":false,"__id":"Ud-Vmmn4_o4QD4Gqpf210"}]},"_links":{"self":[{"href":"https:\/\/lamexicanasupermercado.com\/en\/wp-json\/wp\/v2\/pages\/2855","targetHints":{"allow":["GET"]}}],"collection":[{"href":"https:\/\/lamexicanasupermercado.com\/en\/wp-json\/wp\/v2\/pages"}],"about":[{"href":"https:\/\/lamexicanasupermercado.com\/en\/wp-json\/wp\/v2\/types\/page"}],"author":[{"embeddable":true,"href":"https:\/\/lamexicanasupermercado.com\/en\/wp-json\/wp\/v2\/users\/1"}],"replies":[{"embeddable":true,"href":"https:\/\/lamexicanasupermercado.com\/en\/wp-json\/wp\/v2\/comments?post=2855"}],"version-history":[{"count":5,"href":"https:\/\/lamexicanasupermercado.com\/en\/wp-json\/wp\/v2\/pages\/2855\/revisions"}],"predecessor-version":[{"id":3489,"href":"https:\/\/lamexicanasupermercado.com\/en\/wp-json\/wp\/v2\/pages\/2855\/revisions\/3489"}],"wp:attachment":[{"href":"https:\/\/lamexicanasupermercado.com\/en\/wp-json\/wp\/v2\/media?parent=2855"}],"curies":[{"name":"wp","href":"https:\/\/api.w.org\/{rel}","templated":true}]}}